{"id":12,"date":"2020-07-09T20:06:43","date_gmt":"2020-07-09T20:06:43","guid":{"rendered":"https:\/\/schwimmen-rtv.de\/wordpress\/?page_id=12"},"modified":"2022-09-01T05:18:07","modified_gmt":"2022-09-01T05:18:07","slug":"seepferdchen","status":"publish","type":"page","link":"https:\/\/schwimmen-rtv.de\/index.php\/seepferdchen\/","title":{"rendered":"Abzeichen Seepferdchen"},"content":{"rendered":"\n<figure class=\"alignleft\"><img decoding=\"async\" src=\"https:\/\/schwimmen-rtv.de\/wordpress\/wp-content\/uploads\/2020\/10\/W2750_00-ecommerce_3.jpg\" alt=\"\" class=\"wp-image-27\" width=\"212\" height=\"73\"><\/figure>\n\n\n\n<p><strong>Schwimmen lernen \u2013 Fragen &amp; Antworten<\/strong><\/p>\n\n\n\n<p>Einige der h\u00e4ufigsten Fragen und den Prozess f\u00fcr die Anmeldung m\u00f6chten wir bereits hier beantworten. Bei weiteren Fragen zu den Nichtschwimmer-Angeboten und dem Anmeldeverfahren wenden Sie sich bitte an&nbsp;unseren Schwimmabteilungsleiter oder&nbsp;unsere Gesch\u00e4ftsstelle.<\/p>\n\n\n\n<p><strong>Wie oft und zu welchen Terminen beginnen die Kurse? \u00dcber welchen Zeitraum laufen die Kurse?<\/strong><\/p>\n\n\n\n<p>Die Kurse f\u00fcr Schwimmerausbildung und Seepferdchen starten 2x j\u00e4hrlich im&nbsp;Januar&nbsp;und nach den Sommerferien. \u00dcber eine Dauer von ca. 4-6 Monaten (abh\u00e4ngig von Schulferien\/Feiertagen etc.) finden dann ca. 18 \u2013 20 \u00dcbungseinheiten statt.<\/p>\n\n\n\n<p><strong>Welche Inhalte und Zielsetzungen werden in den Nichtschwimmerkursen verfolgt?<\/strong><\/p>\n\n\n\n<p>Das Ziel des ersten Nichtschwimmerkurses ist das Erlangen sicherer Schwimmf\u00e4higkeiten. &nbsp;Bei entsprechenden Schwimmf\u00e4higkeiten wird das sogenannte Fr\u00fchschwimmerabzeichen (auch als \u201eSeepferchen\u201c bekannt) vergeben.<\/p>\n\n\n\n<p><strong>Warum kann mein Kind nicht in jedem Fall sofort einen Nichtschwimmerkurs beginnen?<\/strong><\/p>\n\n\n\n<p>Um eine angemessene Betreuung und gute Lernergebnisse sicherzustellen, legen wir Wert auf ein ausgewogenes Verh\u00e4ltnis zwischen Kindern und Schwimmlehrern. Zus\u00e4tzlich ist aus Sicherheitsgr\u00fcnden die Anzahl der Kinder, die ein Schwimmlehrer betreuen darf, begrenzt. Sollten alle Kurse unserer Schwimmlehrer bereits voll belegt sein, k\u00f6nnen wir Ihnen Pl\u00e4tze auf den Interessentenlisten anbieten.<\/p>\n\n\n\n<p><strong>Wie funktioniert die Interessentenliste und Platzvergabe zu den Nichtschwimmerkursen?<\/strong><\/p>\n\n\n\n<p>F\u00fcr die Warteliste geben Sie an, f\u00fcr welchen Kurs (also in welchen Tag&nbsp;und zu welcher Zeit&nbsp;(Mo 16:00Uhr, 17:00 Uhr sowie&nbsp;Mi&nbsp;16:00&nbsp;Uhr, 17:00&nbsp;Uhr oder&nbsp;18:00&nbsp;Uhr&nbsp;) Sie Ihr Kind anmelden m\u00f6chten. Einige Wochen vor Beginn des n\u00e4chsten Kurs-Intervalls melden wir uns bei Ihnen und fragen ab, ob Sie immer noch an dem Kursplatz interessiert sind, so dass wir sie entsprechend ber\u00fccksichtigen k\u00f6nnen.<\/p>\n\n\n\n<p><strong>Wie lange muss ich warten, wenn ich mein Kind auf die Interessentenliste setze?<\/strong><\/p>\n\n\n\n<p>Dies h\u00e4ngt von der Nachfrage und der L\u00e4nge der Wartelisten ab. Grunds\u00e4tzlich versuchen wir, die Wartezeiten so gering wie m\u00f6glich zu halten und Ihrem Kind f\u00fcr die n\u00e4chste Kurs-Runde einen Platz anzubieten.<\/p>\n\n\n\n<p><strong>Ist mein Kind automatisch beim n\u00e4chsten Kurs dabei, wenn ich es auf die Interessentenliste setze?<\/strong><\/p>\n\n\n\n<p>Dies h\u00e4ngt von der Nachfrage und der L\u00e4nge der Interessentenlisten ab. Grunds\u00e4tzlich versuchen wir, die Wartezeiten so gering wie m\u00f6glich zu halten. In Einzelf\u00e4llen (z.B. bei Festlegung auf einen ganz bestimmten Kurs und bei gleichzeitig hoher Nachfrage bzw. entsprechend langer Interessentenliste) kann es allerdings passieren, dass erst im&nbsp;folgenden&nbsp;oder wiederum darauf-folgenden Kurs Pl\u00e4tze angeboten werden k\u00f6nnen.<\/p>\n\n\n\n<p><strong>Wer entscheidet, ob das Fr\u00fchschwimmerabzeichen vergeben wird?<\/strong><\/p>\n\n\n\n<p>Die Entscheidung liegt ausschlie\u00dflich beim Schwimmlehrer. Unsere Schwimmlehrer vergeben die Fr\u00fchschwimmerabzeichen nach klaren Kriterien und der Absolvierung der vorgeschriebenen Pr\u00fcfungen; das reine Besuchen aller Kurs-Termine rechtfertigt allerdings noch nicht die Vergabe des Abzeichens. Wir betonen, dass unser Anspruch auf dem sicheren Schwimmen des Kindes liegt, daher behalten wir uns auch vor, das Abzeichen ggf. noch nicht zu vergeben, selbst wenn die reinen Pr\u00fcfungsanforderungen (25m Schwimmen, Sprung vom Beckenrand, Heraufholen eines Gegenstands aus schultertiefem Wasser) vielleicht schon erf\u00fcllt sind.<\/p>\n\n\n\n<p><strong>Wie geht es weiter, wenn mein Kind am Kursende die Pr\u00fcfung f\u00fcr das Fr\u00fchschwimmerabzeichen noch nicht ablegt?<\/strong><\/p>\n\n\n\n<p>Sollte Ihr Kind das Fr\u00fchschwimmerabzeichen nach Beendigung des Kurses noch nicht ablegen, bieten wir Ihnen einen gesicherten Platz im Folgekurs an.<\/p>\n\n\n\n<p><strong>Ab wann kann mein Kind an einem Nichtschwimmerkurs teilnehmen?<\/strong><\/p>\n\n\n\n<p>Aufgrund der Wassertiefe in den \u00dcbungsbecken ist eine K\u00f6rpergr\u00f6\u00dfe von 1,05m&nbsp;und&nbsp;mindestens 4,5 Jahren&nbsp;Voraussetzung f\u00fcr die Teilnahme an unseren Nichtschwimmerkursen.<\/p>\n\n\n\n<p><strong>Werden ausgefallen Kursstunden nachgeholt?<\/strong><\/p>\n\n\n\n<p>Ausgefallene Stunden aufgrund einer Erkrankung Ihres Kindes oder bei Schlie\u00dfungen der B\u00e4der k\u00f6nnen nicht nachgeholt werden.<\/p>\n\n\n\n<p><strong>Wie geht es nach dem ersten Kurs weiter \u2013 gibt es Folgeangebote?<\/strong><\/p>\n\n\n\n<p>Wir bieten verschiedene \u00dcbungsgruppen an, die dem Leistungsstand der Kinder gerecht werden. Diese reichen von weiteren Kursen f\u00fcr die Erlangung des Bronze-, Silber- oder Goldabzeichens, \u00fcber regelm\u00e4\u00dfige Breitensportschwimmstunden, bis hin zu den Nachwuchs- und Wettkampfmannschaften.<\/p>\n\n\n\n<p>Trainingszeiten sind:<\/p>\n\n\n\n<p>Montag: 16:00 \/ 17:00 Uhr<\/p>\n\n\n\n<p>Mittwoch: 16:00 \/ 17:00 \/ 18:00 Uhr <\/p>\n\n\n\n<p>Im Hallenbad T\u00f6ppersee.<\/p>\n\n\n\n<p><strong>Aktuell keine Aufnahme m\u00f6glich!! Sobald wir neue Kinder auf die Warteliste aufnehmen k\u00f6nnen, geben wir es hier bekannt.<\/strong><\/p>\n\n\n\n<div class=\"wp-block-contact-form-7-contact-form-selector\">\n<div class=\"wpcf7 no-js\" id=\"wpcf7-f31-o1\" lang=\"de-DE\" dir=\"ltr\" data-wpcf7-id=\"31\">\n<div class=\"screen-reader-response\"><p role=\"status\" aria-live=\"polite\" aria-atomic=\"true\"><\/p> <ul><\/ul><\/div>\n<form action=\"\/index.php\/wp-json\/wp\/v2\/pages\/12#wpcf7-f31-o1\" method=\"post\" class=\"wpcf7-form init\" aria-label=\"Kontaktformular\" novalidate=\"novalidate\" data-status=\"init\">\n<fieldset class=\"hidden-fields-container\"><input type=\"hidden\" name=\"_wpcf7\" value=\"31\" \/><input type=\"hidden\" name=\"_wpcf7_version\" value=\"6.1.2\" \/><input type=\"hidden\" name=\"_wpcf7_locale\" value=\"de_DE\" \/><input type=\"hidden\" name=\"_wpcf7_unit_tag\" value=\"wpcf7-f31-o1\" \/><input type=\"hidden\" name=\"_wpcf7_container_post\" value=\"0\" \/><input type=\"hidden\" name=\"_wpcf7_posted_data_hash\" value=\"\" \/><input type=\"hidden\" name=\"_wpcf7_recaptcha_response\" value=\"\" \/>\n<\/fieldset>\n<p><label> Dein Name (Pflichtfeld)<br \/>\n<span class=\"wpcf7-form-control-wrap\" data-name=\"your-name\"><input size=\"40\" maxlength=\"400\" class=\"wpcf7-form-control wpcf7-text wpcf7-validates-as-required\" aria-required=\"true\" aria-invalid=\"false\" value=\"\" type=\"text\" name=\"your-name\" \/><\/span> <\/label>\n<\/p>\n<p><label> Der Name des Kindes(Pflichtfeld)<br \/>\n<span class=\"wpcf7-form-control-wrap\" data-name=\"child-name\"><input size=\"40\" maxlength=\"400\" class=\"wpcf7-form-control wpcf7-text wpcf7-validates-as-required\" aria-required=\"true\" aria-invalid=\"false\" value=\"\" type=\"text\" name=\"child-name\" \/><\/span> <\/label>\n<\/p>\n<p><label> Deine E-Mail-Adresse (Pflichtfeld)<br \/>\n<span class=\"wpcf7-form-control-wrap\" data-name=\"your-email\"><input size=\"40\" maxlength=\"400\" class=\"wpcf7-form-control wpcf7-email wpcf7-validates-as-required wpcf7-text wpcf7-validates-as-email\" aria-required=\"true\" aria-invalid=\"false\" value=\"\" type=\"email\" name=\"your-email\" \/><\/span> <\/label>\n<\/p>\n<p><label> Deine Telefonnummer (Pflichtfeld)<br \/>\n<span class=\"wpcf7-form-control-wrap\" data-name=\"your-telefonnummer\"><input size=\"40\" maxlength=\"400\" class=\"wpcf7-form-control wpcf7-tel wpcf7-validates-as-required wpcf7-text wpcf7-validates-as-tel\" aria-required=\"true\" aria-invalid=\"false\" value=\"\" type=\"tel\" name=\"your-telefonnummer\" \/><\/span> <\/label>\n<\/p>\n<p><label> Das Geburtsdatum des Kindes(Pflichtfeld)<br \/>\n<span class=\"wpcf7-form-control-wrap\" data-name=\"birthdate\"><input class=\"wpcf7-form-control wpcf7-date wpcf7-validates-as-required wpcf7-validates-as-date\" aria-required=\"true\" aria-invalid=\"false\" value=\"\" type=\"date\" name=\"birthdate\" \/><\/span> <\/label>\n<\/p>\n<p><label> Ihre Adresse(Pflichtfeld)<br \/>\n<span class=\"wpcf7-form-control-wrap\" data-name=\"adresse\"><textarea cols=\"40\" rows=\"10\" maxlength=\"2000\" class=\"wpcf7-form-control wpcf7-textarea wpcf7-validates-as-required\" aria-required=\"true\" aria-invalid=\"false\" name=\"adresse\"><\/textarea><\/span><\/label>\n<\/p>\n<p><label> Deine Nachricht<br \/>\n<span class=\"wpcf7-form-control-wrap\" data-name=\"your-message\"><textarea cols=\"40\" rows=\"10\" maxlength=\"2000\" class=\"wpcf7-form-control wpcf7-textarea\" aria-invalid=\"false\" name=\"your-message\"><\/textarea><\/span> <\/label>\n<\/p>\n<span class=\"wpcf7-form-control-wrap recaptcha\" data-name=\"recaptcha\"><span data-sitekey=\"6Lc_fpUpAAAAAPV97-GRjGNebO7M_dBT7uDaSO1x\" class=\"wpcf7-form-control wpcf7-recaptcha g-recaptcha\"><\/span>\r\n<noscript>\r\n\t<div class=\"grecaptcha-noscript\">\r\n\t\t<iframe src=\"https:\/\/www.google.com\/recaptcha\/api\/fallback?k=6Lc_fpUpAAAAAPV97-GRjGNebO7M_dBT7uDaSO1x\" frameborder=\"0\" scrolling=\"no\" width=\"310\" height=\"430\">\r\n\t\t<\/iframe>\r\n\t\t<textarea name=\"g-recaptcha-response\" rows=\"3\" cols=\"40\" placeholder=\"reCaptcha Response Here\">\r\n\t\t<\/textarea>\r\n\t<\/div>\r\n<\/noscript>\r\n<\/span>\n<p><input class=\"wpcf7-form-control wpcf7-submit has-spinner\" type=\"submit\" value=\"Senden\" \/>\n<\/p><div class=\"wpcf7-response-output\" aria-hidden=\"true\"><\/div>\n<\/form>\n<\/div>\n<\/div>\n","protected":false},"excerpt":{"rendered":"<p>Schwimmen lernen \u2013 Fragen &amp; Antworten Einige der h\u00e4ufigsten Fragen und den Prozess f\u00fcr die Anmeldung m\u00f6chten wir bereits hier beantworten. Bei weiteren Fragen zu den Nichtschwimmer-Angeboten und dem Anmeldeverfahren wenden Sie sich bitte an&nbsp;unseren Schwimmabteilungsleiter oder&nbsp;unsere Gesch\u00e4ftsstelle. Wie oft und zu welchen Terminen beginnen die Kurse? \u00dcber welchen Zeitraum laufen die Kurse? Die Kurse f\u00fcr Schwimmerausbildung und Seepferdchen starten 2x j\u00e4hrlich im&nbsp;Januar&nbsp;und nach den Sommerferien. \u00dcber eine Dauer von ca. 4-6 Monaten (abh\u00e4ngig von Schulferien\/Feiertagen etc.) finden dann ca. 18 \u2013 20 \u00dcbungseinheiten statt. Welche Inhalte und Zielsetzungen werden in den Nichtschwimmerkursen verfolgt? Das Ziel des ersten Nichtschwimmerkurses ist&#8230; <\/p>\n","protected":false},"author":1,"featured_media":0,"parent":0,"menu_order":0,"comment_status":"closed","ping_status":"closed","template":"template-parts\/page-template-full-width.php","meta":{"footnotes":""},"class_list":["post-12","page","type-page","status-publish","hentry"],"_links":{"self":[{"href":"https:\/\/schwimmen-rtv.de\/index.php\/wp-json\/wp\/v2\/pages\/12","targetHints":{"allow":["GET"]}}],"collection":[{"href":"https:\/\/schwimmen-rtv.de\/index.php\/wp-json\/wp\/v2\/pages"}],"about":[{"href":"https:\/\/schwimmen-rtv.de\/index.php\/wp-json\/wp\/v2\/types\/page"}],"author":[{"embeddable":true,"href":"https:\/\/schwimmen-rtv.de\/index.php\/wp-json\/wp\/v2\/users\/1"}],"replies":[{"embeddable":true,"href":"https:\/\/schwimmen-rtv.de\/index.php\/wp-json\/wp\/v2\/comments?post=12"}],"version-history":[{"count":20,"href":"https:\/\/schwimmen-rtv.de\/index.php\/wp-json\/wp\/v2\/pages\/12\/revisions"}],"predecessor-version":[{"id":257,"href":"https:\/\/schwimmen-rtv.de\/index.php\/wp-json\/wp\/v2\/pages\/12\/revisions\/257"}],"wp:attachment":[{"href":"https:\/\/schwimmen-rtv.de\/index.php\/wp-json\/wp\/v2\/media?parent=12"}],"curies":[{"name":"wp","href":"https:\/\/api.w.org\/{rel}","templated":true}]}}